{"id":1285,"date":"2024-08-14T14:50:57","date_gmt":"2024-08-14T12:50:57","guid":{"rendered":"https:\/\/www.biomediterrania.org\/proyectos\/"},"modified":"2025-07-09T20:07:00","modified_gmt":"2025-07-09T18:07:00","slug":"proyectos","status":"publish","type":"page","link":"https:\/\/www.biomediterrania.org\/es\/proyectos\/","title":{"rendered":"Proyectos"},"content":{"rendered":"\t\t<div data-elementor-type=\"wp-page\" data-elementor-id=\"1285\" class=\"elementor elementor-1285 elementor-22\" data-elementor-post-type=\"page\">\n\t\t\t\t\t\t<section class=\"elementor-section elementor-top-section elementor-element elementor-element-e3109be elementor-section-boxed elementor-section-height-default elementor-section-height-default\" data-id=\"e3109be\" data-element_type=\"section\" data-e-type=\"section\">\n\t\t\t\t\t\t<div class=\"elementor-container elementor-column-gap-default\">\n\t\t\t\t\t<div class=\"elementor-column elementor-col-100 elementor-top-column elementor-element elementor-element-dffa005\" data-id=\"dffa005\" data-element_type=\"column\" data-e-type=\"column\">\n\t\t\t<div class=\"elementor-widget-wrap elementor-element-populated\">\n\t\t\t\t\t\t<div class=\"elementor-element elementor-element-2bbc742 elementor-widget elementor-widget-heading\" data-id=\"2bbc742\" data-element_type=\"widget\" data-e-type=\"widget\" data-widget_type=\"heading.default\">\n\t\t\t\t<div class=\"elementor-widget-container\">\n\t\t\t\t\t<h1 class=\"elementor-heading-title elementor-size-default\">Proyectos realizados<\/h1>\t\t\t\t<\/div>\n\t\t\t\t<\/div>\n\t\t\t\t<div class=\"elementor-element elementor-element-b155168 elementor-widget-divider--view-line elementor-widget elementor-widget-divider\" data-id=\"b155168\" data-element_type=\"widget\" data-e-type=\"widget\" data-widget_type=\"divider.default\">\n\t\t\t\t<div class=\"elementor-widget-container\">\n\t\t\t\t\t\t\t<div class=\"elementor-divider\">\n\t\t\t<span class=\"elementor-divider-separator\">\n\t\t\t\t\t\t<\/span>\n\t\t<\/div>\n\t\t\t\t\t\t<\/div>\n\t\t\t\t<\/div>\n\t\t\t\t<div class=\"elementor-element elementor-element-014fdb3 elementor-widget elementor-widget-text-editor\" data-id=\"014fdb3\" data-element_type=\"widget\" data-e-type=\"widget\" data-widget_type=\"text-editor.default\">\n\t\t\t\t<div class=\"elementor-widget-container\">\n\t\t\t\t\t\t\t\t\t<p>En <strong>Biomediterr\u00e0nia<\/strong> impulsamos iniciativas para proteger las especies y sus h\u00e1bitats, contribuyendo activamente a la <strong>conservaci\u00f3n de la biodiversidad<\/strong> . En esta p\u00e1gina encontrar\u00e1s una recopilaci\u00f3n de nuestros proyectos, resultado del compromiso con el medio ambiente y la voluntad de construir un futuro mejor para todas las formas de vida. \u00a1\u00danete a nosotros en esta misi\u00f3n!<\/p>\t\t\t\t\t\t\t\t<\/div>\n\t\t\t\t<\/div>\n\t\t\t\t<div class=\"elementor-element elementor-element-dfefaed elementor-widget elementor-widget-heading\" data-id=\"dfefaed\" data-element_type=\"widget\" data-e-type=\"widget\" data-widget_type=\"heading.default\">\n\t\t\t\t<div class=\"elementor-widget-container\">\n\t\t\t\t\t<h2 class=\"elementor-heading-title elementor-size-default\">Proyectos en Catalu\u00f1a<\/h2>\t\t\t\t<\/div>\n\t\t\t\t<\/div>\n\t\t\t\t\t<\/div>\n\t\t<\/div>\n\t\t\t\t\t<\/div>\n\t\t<\/section>\n\t\t\t\t<\/div>\n\t\t","protected":false},"excerpt":{"rendered":"<p>Proyectos realizados En Biomediterr\u00e0nia impulsamos iniciativas para proteger las especies y sus h\u00e1bitats, contribuyendo activamente a la conservaci\u00f3n de la biodiversidad . En esta p\u00e1gina encontrar\u00e1s una recopilaci\u00f3n de nuestros proyectos, resultado del compromiso con el medio ambiente y la voluntad de construir un futuro mejor para todas las formas de vida. \u00a1\u00danete a nosotros [&hellip;]<\/p>\n","protected":false},"author":1,"featured_media":0,"parent":0,"menu_order":0,"comment_status":"closed","ping_status":"closed","template":"elementor_header_footer","meta":{"footnotes":""},"class_list":["post-1285","page","type-page","status-publish","hentry"],"yoast_head":"<!-- This site is optimized with the Yoast SEO plugin v27.3 - https:\/\/yoast.com\/product\/yoast-seo-wordpress\/ -->\n<title>\u25b7 Proyectos de Biomediterr\u00e0nia \u30102025\u3011<\/title>\n<meta name=\"description\" content=\"\u00c9sta es una recopilaci\u00f3n de los diferentes proyectos que hemos llevado a cabo desde la asociaci\u00f3n Biomediterr\u00e0nia. \u21e8 \u00a1Click Aqu\u00ed!\" \/>\n<meta name=\"robots\" content=\"index, follow, max-snippet:-1, max-image-preview:large, max-video-preview:-1\" \/>\n<link rel=\"canonical\" href=\"https:\/\/www.biomediterrania.org\/es\/proyectos\/\" \/>\n<meta property=\"og:locale\" content=\"es_ES\" \/>\n<meta property=\"og:type\" content=\"article\" \/>\n<meta property=\"og:title\" content=\"\u25b7 Proyectos de Biomediterr\u00e0nia \u30102025\u3011\" \/>\n<meta property=\"og:description\" content=\"\u00c9sta es una recopilaci\u00f3n de los diferentes proyectos que hemos llevado a cabo desde la asociaci\u00f3n Biomediterr\u00e0nia. \u21e8 \u00a1Click Aqu\u00ed!\" \/>\n<meta property=\"og:url\" content=\"https:\/\/www.biomediterrania.org\/es\/proyectos\/\" \/>\n<meta property=\"og:site_name\" content=\"Biomediterr&agrave;nia\" \/>\n<meta property=\"article:modified_time\" content=\"2025-07-09T18:07:00+00:00\" \/>\n<meta name=\"twitter:card\" content=\"summary_large_image\" \/>\n<script type=\"application\/ld+json\" class=\"yoast-schema-graph\">{\"@context\":\"https:\\\/\\\/schema.org\",\"@graph\":[{\"@type\":\"WebPage\",\"@id\":\"https:\\\/\\\/www.biomediterrania.org\\\/es\\\/proyectos\\\/\",\"url\":\"https:\\\/\\\/www.biomediterrania.org\\\/es\\\/proyectos\\\/\",\"name\":\"\u25b7 Proyectos de Biomediterr\u00e0nia \u30102025\u3011\",\"isPartOf\":{\"@id\":\"https:\\\/\\\/www.biomediterrania.org\\\/es\\\/#website\"},\"datePublished\":\"2024-08-14T12:50:57+00:00\",\"dateModified\":\"2025-07-09T18:07:00+00:00\",\"description\":\"\u00c9sta es una recopilaci\u00f3n de los diferentes proyectos que hemos llevado a cabo desde la asociaci\u00f3n Biomediterr\u00e0nia. \u21e8 \u00a1Click Aqu\u00ed!\",\"breadcrumb\":{\"@id\":\"https:\\\/\\\/www.biomediterrania.org\\\/es\\\/proyectos\\\/#breadcrumb\"},\"inLanguage\":\"es\",\"potentialAction\":[{\"@type\":\"ReadAction\",\"target\":[\"https:\\\/\\\/www.biomediterrania.org\\\/es\\\/proyectos\\\/\"]}]},{\"@type\":\"BreadcrumbList\",\"@id\":\"https:\\\/\\\/www.biomediterrania.org\\\/es\\\/proyectos\\\/#breadcrumb\",\"itemListElement\":[{\"@type\":\"ListItem\",\"position\":1,\"name\":\"Portada\",\"item\":\"https:\\\/\\\/www.biomediterrania.org\\\/es\\\/inici\\\/\"},{\"@type\":\"ListItem\",\"position\":2,\"name\":\"Proyectos\"}]},{\"@type\":\"WebSite\",\"@id\":\"https:\\\/\\\/www.biomediterrania.org\\\/es\\\/#website\",\"url\":\"https:\\\/\\\/www.biomediterrania.org\\\/es\\\/\",\"name\":\"Biomediterr\u00e0nia\",\"description\":\"Associaci&oacute; Biomediterr&agrave;nia\",\"publisher\":{\"@id\":\"https:\\\/\\\/www.biomediterrania.org\\\/es\\\/#organization\"},\"potentialAction\":[{\"@type\":\"SearchAction\",\"target\":{\"@type\":\"EntryPoint\",\"urlTemplate\":\"https:\\\/\\\/www.biomediterrania.org\\\/es\\\/?s={search_term_string}\"},\"query-input\":{\"@type\":\"PropertyValueSpecification\",\"valueRequired\":true,\"valueName\":\"search_term_string\"}}],\"inLanguage\":\"es\"},{\"@type\":\"Organization\",\"@id\":\"https:\\\/\\\/www.biomediterrania.org\\\/es\\\/#organization\",\"name\":\"Biomediterr\u00e0nia\",\"url\":\"https:\\\/\\\/www.biomediterrania.org\\\/es\\\/\",\"logo\":{\"@type\":\"ImageObject\",\"inLanguage\":\"es\",\"@id\":\"https:\\\/\\\/www.biomediterrania.org\\\/es\\\/#\\\/schema\\\/logo\\\/image\\\/\",\"url\":\"https:\\\/\\\/www.biomediterrania.org\\\/wp-content\\\/uploads\\\/2025\\\/01\\\/cropped-logo-biomediterrania.png\",\"contentUrl\":\"https:\\\/\\\/www.biomediterrania.org\\\/wp-content\\\/uploads\\\/2025\\\/01\\\/cropped-logo-biomediterrania.png\",\"width\":512,\"height\":512,\"caption\":\"Biomediterr\u00e0nia\"},\"image\":{\"@id\":\"https:\\\/\\\/www.biomediterrania.org\\\/es\\\/#\\\/schema\\\/logo\\\/image\\\/\"},\"sameAs\":[\"https:\\\/\\\/www.instagram.com\\\/biomediterrania\"]}]}<\/script>\n<!-- \/ Yoast SEO plugin. -->","yoast_head_json":{"title":"\u25b7 Proyectos de Biomediterr\u00e0nia \u30102025\u3011","description":"\u00c9sta es una recopilaci\u00f3n de los diferentes proyectos que hemos llevado a cabo desde la asociaci\u00f3n Biomediterr\u00e0nia. \u21e8 \u00a1Click Aqu\u00ed!","robots":{"index":"index","follow":"follow","max-snippet":"max-snippet:-1","max-image-preview":"max-image-preview:large","max-video-preview":"max-video-preview:-1"},"canonical":"https:\/\/www.biomediterrania.org\/es\/proyectos\/","og_locale":"es_ES","og_type":"article","og_title":"\u25b7 Proyectos de Biomediterr\u00e0nia \u30102025\u3011","og_description":"\u00c9sta es una recopilaci\u00f3n de los diferentes proyectos que hemos llevado a cabo desde la asociaci\u00f3n Biomediterr\u00e0nia. \u21e8 \u00a1Click Aqu\u00ed!","og_url":"https:\/\/www.biomediterrania.org\/es\/proyectos\/","og_site_name":"Biomediterr&agrave;nia","article_modified_time":"2025-07-09T18:07:00+00:00","twitter_card":"summary_large_image","schema":{"@context":"https:\/\/schema.org","@graph":[{"@type":"WebPage","@id":"https:\/\/www.biomediterrania.org\/es\/proyectos\/","url":"https:\/\/www.biomediterrania.org\/es\/proyectos\/","name":"\u25b7 Proyectos de Biomediterr\u00e0nia \u30102025\u3011","isPartOf":{"@id":"https:\/\/www.biomediterrania.org\/es\/#website"},"datePublished":"2024-08-14T12:50:57+00:00","dateModified":"2025-07-09T18:07:00+00:00","description":"\u00c9sta es una recopilaci\u00f3n de los diferentes proyectos que hemos llevado a cabo desde la asociaci\u00f3n Biomediterr\u00e0nia. \u21e8 \u00a1Click Aqu\u00ed!","breadcrumb":{"@id":"https:\/\/www.biomediterrania.org\/es\/proyectos\/#breadcrumb"},"inLanguage":"es","potentialAction":[{"@type":"ReadAction","target":["https:\/\/www.biomediterrania.org\/es\/proyectos\/"]}]},{"@type":"BreadcrumbList","@id":"https:\/\/www.biomediterrania.org\/es\/proyectos\/#breadcrumb","itemListElement":[{"@type":"ListItem","position":1,"name":"Portada","item":"https:\/\/www.biomediterrania.org\/es\/inici\/"},{"@type":"ListItem","position":2,"name":"Proyectos"}]},{"@type":"WebSite","@id":"https:\/\/www.biomediterrania.org\/es\/#website","url":"https:\/\/www.biomediterrania.org\/es\/","name":"Biomediterr\u00e0nia","description":"Associaci&oacute; Biomediterr&agrave;nia","publisher":{"@id":"https:\/\/www.biomediterrania.org\/es\/#organization"},"potentialAction":[{"@type":"SearchAction","target":{"@type":"EntryPoint","urlTemplate":"https:\/\/www.biomediterrania.org\/es\/?s={search_term_string}"},"query-input":{"@type":"PropertyValueSpecification","valueRequired":true,"valueName":"search_term_string"}}],"inLanguage":"es"},{"@type":"Organization","@id":"https:\/\/www.biomediterrania.org\/es\/#organization","name":"Biomediterr\u00e0nia","url":"https:\/\/www.biomediterrania.org\/es\/","logo":{"@type":"ImageObject","inLanguage":"es","@id":"https:\/\/www.biomediterrania.org\/es\/#\/schema\/logo\/image\/","url":"https:\/\/www.biomediterrania.org\/wp-content\/uploads\/2025\/01\/cropped-logo-biomediterrania.png","contentUrl":"https:\/\/www.biomediterrania.org\/wp-content\/uploads\/2025\/01\/cropped-logo-biomediterrania.png","width":512,"height":512,"caption":"Biomediterr\u00e0nia"},"image":{"@id":"https:\/\/www.biomediterrania.org\/es\/#\/schema\/logo\/image\/"},"sameAs":["https:\/\/www.instagram.com\/biomediterrania"]}]}},"_links":{"self":[{"href":"https:\/\/www.biomediterrania.org\/es\/wp-json\/wp\/v2\/pages\/1285","targetHints":{"allow":["GET"]}}],"collection":[{"href":"https:\/\/www.biomediterrania.org\/es\/wp-json\/wp\/v2\/pages"}],"about":[{"href":"https:\/\/www.biomediterrania.org\/es\/wp-json\/wp\/v2\/types\/page"}],"author":[{"embeddable":true,"href":"https:\/\/www.biomediterrania.org\/es\/wp-json\/wp\/v2\/users\/1"}],"replies":[{"embeddable":true,"href":"https:\/\/www.biomediterrania.org\/es\/wp-json\/wp\/v2\/comments?post=1285"}],"version-history":[{"count":0,"href":"https:\/\/www.biomediterrania.org\/es\/wp-json\/wp\/v2\/pages\/1285\/revisions"}],"wp:attachment":[{"href":"https:\/\/www.biomediterrania.org\/es\/wp-json\/wp\/v2\/media?parent=1285"}],"curies":[{"name":"wp","href":"https:\/\/api.w.org\/{rel}","templated":true}]}}