{"id":1293,"date":"2024-08-14T14:50:18","date_gmt":"2024-08-14T12:50:18","guid":{"rendered":"https:\/\/www.biomediterrania.org\/quienes-somos\/"},"modified":"2025-07-09T20:20:33","modified_gmt":"2025-07-09T18:20:33","slug":"quienes-somos","status":"publish","type":"page","link":"https:\/\/www.biomediterrania.org\/es\/quienes-somos\/","title":{"rendered":"\u00bfQui\u00e9nes somos?"},"content":{"rendered":"\t\t<div data-elementor-type=\"wp-page\" data-elementor-id=\"1293\" class=\"elementor elementor-1293 elementor-16\" data-elementor-post-type=\"page\">\n\t\t\t\t\t\t<section class=\"elementor-section elementor-top-section elementor-element elementor-element-7cf53b0 elementor-section-boxed elementor-section-height-default elementor-section-height-default\" data-id=\"7cf53b0\" data-element_type=\"section\" data-e-type=\"section\">\n\t\t\t\t\t\t<div class=\"elementor-container elementor-column-gap-default\">\n\t\t\t\t\t<div class=\"elementor-column elementor-col-100 elementor-top-column elementor-element elementor-element-d9b9605\" data-id=\"d9b9605\" data-element_type=\"column\" data-e-type=\"column\">\n\t\t\t<div class=\"elementor-widget-wrap elementor-element-populated\">\n\t\t\t\t\t\t<div class=\"elementor-element elementor-element-20c4210 elementor-widget elementor-widget-heading\" data-id=\"20c4210\" data-element_type=\"widget\" data-e-type=\"widget\" data-widget_type=\"heading.default\">\n\t\t\t\t<div class=\"elementor-widget-container\">\n\t\t\t\t\t<h1 class=\"elementor-heading-title elementor-size-default\">\u00bfQui\u00e9nes somos?<\/h1>\t\t\t\t<\/div>\n\t\t\t\t<\/div>\n\t\t\t\t<div class=\"elementor-element elementor-element-f4b8061 elementor-widget-divider--view-line elementor-widget elementor-widget-divider\" data-id=\"f4b8061\" data-element_type=\"widget\" data-e-type=\"widget\" data-widget_type=\"divider.default\">\n\t\t\t\t<div class=\"elementor-widget-container\">\n\t\t\t\t\t\t\t<div class=\"elementor-divider\">\n\t\t\t<span class=\"elementor-divider-separator\">\n\t\t\t\t\t\t<\/span>\n\t\t<\/div>\n\t\t\t\t\t\t<\/div>\n\t\t\t\t<\/div>\n\t\t\t\t<div class=\"elementor-element elementor-element-d4131a0 elementor-widget elementor-widget-text-editor\" data-id=\"d4131a0\" data-element_type=\"widget\" data-e-type=\"widget\" data-widget_type=\"text-editor.default\">\n\t\t\t\t<div class=\"elementor-widget-container\">\n\t\t\t\t\t\t\t\t\t<p>En <strong>Biomediterr\u00e0nia<\/strong> somos una asociaci\u00f3n sin \u00e1nimo de lucro dedicada a la preservaci\u00f3n de las especies animales que habitan la regi\u00f3n mediterr\u00e1nea. Con una pasi\u00f3n profunda por nuestro entorno natural, <strong>trabajamos a diario para proteger la biodiversidad<\/strong> que hace \u00fanica esta zona del mundo.<\/p>\t\t\t\t\t\t\t\t<\/div>\n\t\t\t\t<\/div>\n\t\t\t\t\t<\/div>\n\t\t<\/div>\n\t\t\t\t\t<\/div>\n\t\t<\/section>\n\t\t\t\t<section class=\"elementor-section elementor-top-section elementor-element elementor-element-737ab4c elementor-section-boxed elementor-section-height-default elementor-section-height-default\" data-id=\"737ab4c\" data-element_type=\"section\" data-e-type=\"section\">\n\t\t\t\t\t\t<div class=\"elementor-container elementor-column-gap-default\">\n\t\t\t\t\t<div class=\"elementor-column elementor-col-50 elementor-top-column elementor-element elementor-element-48c0538\" data-id=\"48c0538\" data-element_type=\"column\" data-e-type=\"column\">\n\t\t\t<div class=\"elementor-widget-wrap elementor-element-populated\">\n\t\t\t\t\t\t<div class=\"elementor-element elementor-element-94d44e1 elementor-widget elementor-widget-image\" data-id=\"94d44e1\" data-element_type=\"widget\" data-e-type=\"widget\" data-widget_type=\"image.default\">\n\t\t\t\t<div class=\"elementor-widget-container\">\n\t\t\t\t\t\t\t\t\t\t\t\t\t\t\t<img fetchpriority=\"high\" decoding=\"async\" width=\"400\" height=\"400\" src=\"https:\/\/www.biomediterrania.org\/wp-content\/uploads\/2025\/01\/bassa-celra-3.jpg\" class=\"attachment-large size-large wp-image-1105\" alt=\"\" srcset=\"https:\/\/www.biomediterrania.org\/wp-content\/uploads\/2025\/01\/bassa-celra-3.jpg 400w, https:\/\/www.biomediterrania.org\/wp-content\/uploads\/2025\/01\/bassa-celra-3-300x300.jpg 300w, https:\/\/www.biomediterrania.org\/wp-content\/uploads\/2025\/01\/bassa-celra-3-150x150.jpg 150w\" sizes=\"(max-width: 400px) 100vw, 400px\" \/>\t\t\t\t\t\t\t\t\t\t\t\t\t\t\t<\/div>\n\t\t\t\t<\/div>\n\t\t\t\t\t<\/div>\n\t\t<\/div>\n\t\t\t\t<div class=\"elementor-column elementor-col-50 elementor-top-column elementor-element elementor-element-0fe8af7\" data-id=\"0fe8af7\" data-element_type=\"column\" data-e-type=\"column\">\n\t\t\t<div class=\"elementor-widget-wrap elementor-element-populated\">\n\t\t\t\t\t\t<div class=\"elementor-element elementor-element-2ad99c3 elementor-widget elementor-widget-heading\" data-id=\"2ad99c3\" data-element_type=\"widget\" data-e-type=\"widget\" data-widget_type=\"heading.default\">\n\t\t\t\t<div class=\"elementor-widget-container\">\n\t\t\t\t\t<h2 class=\"elementor-heading-title elementor-size-default\">Nuestra Misi\u00f3n<\/h2>\t\t\t\t<\/div>\n\t\t\t\t<\/div>\n\t\t\t\t<div class=\"elementor-element elementor-element-d8e29a0 elementor-widget elementor-widget-text-editor\" data-id=\"d8e29a0\" data-element_type=\"widget\" data-e-type=\"widget\" data-widget_type=\"text-editor.default\">\n\t\t\t\t<div class=\"elementor-widget-container\">\n\t\t\t\t\t\t\t\t\t<p><strong>Nuestra misi\u00f3n es conservar los h\u00e1bitats naturales, impulsar proyectos de restauraci\u00f3n ecol\u00f3gica y sensibilizar a la sociedad sobre la importancia de la sostenibilidad y la conservaci\u00f3n de la fauna mediterr\u00e1nea.<\/strong> Creemos firmemente que la colaboraci\u00f3n entre cient\u00edficos, comunidades locales y organismos internacionales es clave para garantizar la supervivencia de las especies en peligro.<\/p><p>Adem\u00e1s, promovemos <strong>actividades educativas y de divulgaci\u00f3n<\/strong> para concienciar a las nuevas generaciones sobre la importancia de proteger nuestro entorno natural. Desde talleres escolares hasta campa\u00f1as de sensibilizaci\u00f3n, buscamos inspirar una conciencia ecol\u00f3gica que perdure.<\/p><p>En <strong>Biomediterr\u00e0nia<\/strong>, estamos convencidos de que con esfuerzo, dedicaci\u00f3n y trabajo en equipo podemos contribuir a la preservaci\u00f3n del Mediterr\u00e1neo para las futuras generaciones. Invitamos a todos a unirse a nuestra causa y participar en la protecci\u00f3n de este tesoro natural que es nuestro mar y su fauna.<\/p>\t\t\t\t\t\t\t\t<\/div>\n\t\t\t\t<\/div>\n\t\t\t\t\t<\/div>\n\t\t<\/div>\n\t\t\t\t\t<\/div>\n\t\t<\/section>\n\t\t\t\t<section class=\"elementor-section elementor-top-section elementor-element elementor-element-6a2222f5 elementor-section-content-middle elementor-section-boxed elementor-section-height-default elementor-section-height-default\" data-id=\"6a2222f5\" data-element_type=\"section\" data-e-type=\"section\">\n\t\t\t\t\t\t<div class=\"elementor-container elementor-column-gap-no\">\n\t\t\t\t\t<div class=\"elementor-column elementor-col-100 elementor-top-column elementor-element elementor-element-1cc3463e\" data-id=\"1cc3463e\" data-element_type=\"column\" data-e-type=\"column\">\n\t\t\t<div class=\"elementor-widget-wrap elementor-element-populated\">\n\t\t\t\t\t\t<div class=\"elementor-element elementor-element-51792e6e elementor-widget elementor-widget-heading\" data-id=\"51792e6e\" data-element_type=\"widget\" data-e-type=\"widget\" data-widget_type=\"heading.default\">\n\t\t\t\t<div class=\"elementor-widget-container\">\n\t\t\t\t\t<h2 class=\"elementor-heading-title elementor-size-default\">Nuestro Equipo<\/h2>\t\t\t\t<\/div>\n\t\t\t\t<\/div>\n\t\t\t\t<section class=\"elementor-section elementor-inner-section elementor-element elementor-element-64a1dcb elementor-section-boxed elementor-section-height-default elementor-section-height-default\" data-id=\"64a1dcb\" data-element_type=\"section\" data-e-type=\"section\">\n\t\t\t\t\t\t<div class=\"elementor-container elementor-column-gap-default\">\n\t\t\t\t\t<div class=\"elementor-column elementor-col-50 elementor-inner-column elementor-element elementor-element-7dd8982a\" data-id=\"7dd8982a\" data-element_type=\"column\" data-e-type=\"column\">\n\t\t\t<div class=\"elementor-widget-wrap elementor-element-populated\">\n\t\t\t\t\t\t<div class=\"elementor-element elementor-element-5c22726b elementor-position-left elementor-vertical-align-middle elementor-widget elementor-widget-image-box\" data-id=\"5c22726b\" data-element_type=\"widget\" data-e-type=\"widget\" data-widget_type=\"image-box.default\">\n\t\t\t\t<div class=\"elementor-widget-container\">\n\t\t\t\t\t<div class=\"elementor-image-box-wrapper\"><figure class=\"elementor-image-box-img\"><img decoding=\"async\" width=\"200\" height=\"200\" src=\"https:\/\/www.biomediterrania.org\/wp-content\/uploads\/2025\/01\/biomed-genis-rovira.png\" class=\"attachment-full size-full wp-image-269\" alt=\"\" srcset=\"https:\/\/www.biomediterrania.org\/wp-content\/uploads\/2025\/01\/biomed-genis-rovira.png 200w, https:\/\/www.biomediterrania.org\/wp-content\/uploads\/2025\/01\/biomed-genis-rovira-150x150.png 150w\" sizes=\"(max-width: 200px) 100vw, 200px\" \/><\/figure><div class=\"elementor-image-box-content\"><h3 class=\"elementor-image-box-title\">Gen\u00eds Rovira<\/h3><p class=\"elementor-image-box-description\">Presidente<\/p><\/div><\/div>\t\t\t\t<\/div>\n\t\t\t\t<\/div>\n\t\t\t\t\t<\/div>\n\t\t<\/div>\n\t\t\t\t<div class=\"elementor-column elementor-col-50 elementor-inner-column elementor-element elementor-element-2c460d23\" data-id=\"2c460d23\" data-element_type=\"column\" data-e-type=\"column\">\n\t\t\t<div class=\"elementor-widget-wrap elementor-element-populated\">\n\t\t\t\t\t\t<div class=\"elementor-element elementor-element-6aa1bd7b elementor-position-left elementor-vertical-align-middle elementor-widget elementor-widget-image-box\" data-id=\"6aa1bd7b\" data-element_type=\"widget\" data-e-type=\"widget\" data-widget_type=\"image-box.default\">\n\t\t\t\t<div class=\"elementor-widget-container\">\n\t\t\t\t\t<div class=\"elementor-image-box-wrapper\"><figure class=\"elementor-image-box-img\"><img decoding=\"async\" width=\"200\" height=\"200\" src=\"https:\/\/www.biomediterrania.org\/wp-content\/uploads\/2025\/01\/biomed-moises-palau.png\" class=\"attachment-full size-full wp-image-262\" alt=\"\" srcset=\"https:\/\/www.biomediterrania.org\/wp-content\/uploads\/2025\/01\/biomed-moises-palau.png 200w, https:\/\/www.biomediterrania.org\/wp-content\/uploads\/2025\/01\/biomed-moises-palau-150x150.png 150w\" sizes=\"(max-width: 200px) 100vw, 200px\" \/><\/figure><div class=\"elementor-image-box-content\"><h3 class=\"elementor-image-box-title\">Moises Palau<\/h3><p class=\"elementor-image-box-description\">Vicepresidente<\/p><\/div><\/div>\t\t\t\t<\/div>\n\t\t\t\t<\/div>\n\t\t\t\t\t<\/div>\n\t\t<\/div>\n\t\t\t\t\t<\/div>\n\t\t<\/section>\n\t\t\t\t<section class=\"elementor-section elementor-inner-section elementor-element elementor-element-6c896e77 elementor-section-boxed elementor-section-height-default elementor-section-height-default\" data-id=\"6c896e77\" data-element_type=\"section\" data-e-type=\"section\">\n\t\t\t\t\t\t<div class=\"elementor-container elementor-column-gap-default\">\n\t\t\t\t\t<div class=\"elementor-column elementor-col-50 elementor-inner-column elementor-element elementor-element-68bca3a7\" data-id=\"68bca3a7\" data-element_type=\"column\" data-e-type=\"column\">\n\t\t\t<div class=\"elementor-widget-wrap elementor-element-populated\">\n\t\t\t\t\t\t<div class=\"elementor-element elementor-element-4f6f18c8 elementor-position-left elementor-vertical-align-middle elementor-widget elementor-widget-image-box\" data-id=\"4f6f18c8\" data-element_type=\"widget\" data-e-type=\"widget\" data-widget_type=\"image-box.default\">\n\t\t\t\t<div class=\"elementor-widget-container\">\n\t\t\t\t\t<div class=\"elementor-image-box-wrapper\"><figure class=\"elementor-image-box-img\"><img loading=\"lazy\" decoding=\"async\" width=\"200\" height=\"200\" src=\"https:\/\/www.biomediterrania.org\/wp-content\/uploads\/2025\/01\/santi-biomediterrania.png\" class=\"attachment-full size-full wp-image-432\" alt=\"\" srcset=\"https:\/\/www.biomediterrania.org\/wp-content\/uploads\/2025\/01\/santi-biomediterrania.png 200w, https:\/\/www.biomediterrania.org\/wp-content\/uploads\/2025\/01\/santi-biomediterrania-150x150.png 150w\" sizes=\"(max-width: 200px) 100vw, 200px\" \/><\/figure><div class=\"elementor-image-box-content\"><h3 class=\"elementor-image-box-title\">Santi Poch<\/h3><p class=\"elementor-image-box-description\">Tesorero<\/p><\/div><\/div>\t\t\t\t<\/div>\n\t\t\t\t<\/div>\n\t\t\t\t\t<\/div>\n\t\t<\/div>\n\t\t\t\t<div class=\"elementor-column elementor-col-50 elementor-inner-column elementor-element elementor-element-6c9bd27d\" data-id=\"6c9bd27d\" data-element_type=\"column\" data-e-type=\"column\">\n\t\t\t<div class=\"elementor-widget-wrap elementor-element-populated\">\n\t\t\t\t\t\t<div class=\"elementor-element elementor-element-634aa1b elementor-position-left elementor-vertical-align-middle elementor-widget elementor-widget-image-box\" data-id=\"634aa1b\" data-element_type=\"widget\" data-e-type=\"widget\" data-widget_type=\"image-box.default\">\n\t\t\t\t<div class=\"elementor-widget-container\">\n\t\t\t\t\t<div class=\"elementor-image-box-wrapper\"><figure class=\"elementor-image-box-img\"><img loading=\"lazy\" decoding=\"async\" width=\"200\" height=\"200\" src=\"https:\/\/www.biomediterrania.org\/wp-content\/uploads\/2025\/01\/biomed-marc-grau.png\" class=\"attachment-full size-full wp-image-263\" alt=\"\" srcset=\"https:\/\/www.biomediterrania.org\/wp-content\/uploads\/2025\/01\/biomed-marc-grau.png 200w, https:\/\/www.biomediterrania.org\/wp-content\/uploads\/2025\/01\/biomed-marc-grau-150x150.png 150w\" sizes=\"(max-width: 200px) 100vw, 200px\" \/><\/figure><div class=\"elementor-image-box-content\"><h3 class=\"elementor-image-box-title\">Marc Grau<\/h3><p class=\"elementor-image-box-description\">Secretario<\/p><\/div><\/div>\t\t\t\t<\/div>\n\t\t\t\t<\/div>\n\t\t\t\t\t<\/div>\n\t\t<\/div>\n\t\t\t\t\t<\/div>\n\t\t<\/section>\n\t\t\t\t\t<\/div>\n\t\t<\/div>\n\t\t\t\t\t<\/div>\n\t\t<\/section>\n\t\t\t\t<\/div>\n\t\t","protected":false},"excerpt":{"rendered":"<p>\u00bfQui\u00e9nes somos? En Biomediterr\u00e0nia somos una asociaci\u00f3n sin \u00e1nimo de lucro dedicada a la preservaci\u00f3n de las especies animales que habitan la regi\u00f3n mediterr\u00e1nea. Con una pasi\u00f3n profunda por nuestro entorno natural, trabajamos a diario para proteger la biodiversidad que hace \u00fanica esta zona del mundo. Nuestra Misi\u00f3n Nuestra misi\u00f3n es conservar los h\u00e1bitats naturales, [&hellip;]<\/p>\n","protected":false},"author":1,"featured_media":0,"parent":0,"menu_order":0,"comment_status":"closed","ping_status":"closed","template":"elementor_header_footer","meta":{"footnotes":""},"class_list":["post-1293","page","type-page","status-publish","hentry"],"yoast_head":"<!-- This site is optimized with the Yoast SEO plugin v27.3 - https:\/\/yoast.com\/product\/yoast-seo-wordpress\/ -->\n<title>\u25b7 \u00bfQui\u00e9nes somos? | Sobre Biomediterr\u00e0nia \u30102025\u3011<\/title>\n<meta name=\"description\" content=\"En Biomediterr\u00e0nia trabajamos por la preservaci\u00f3n de la biodiversidad y el medio ambiente en la zona del Mediterr\u00e1neo. \u21e8 \u00a1Con\u00f3cenos!\" \/>\n<meta name=\"robots\" content=\"index, follow, max-snippet:-1, max-image-preview:large, max-video-preview:-1\" \/>\n<link rel=\"canonical\" href=\"https:\/\/www.biomediterrania.org\/es\/quienes-somos\/\" \/>\n<meta property=\"og:locale\" content=\"es_ES\" \/>\n<meta property=\"og:type\" content=\"article\" \/>\n<meta property=\"og:title\" content=\"\u25b7 \u00bfQui\u00e9nes somos? | Sobre Biomediterr\u00e0nia \u30102025\u3011\" \/>\n<meta property=\"og:description\" content=\"En Biomediterr\u00e0nia trabajamos por la preservaci\u00f3n de la biodiversidad y el medio ambiente en la zona del Mediterr\u00e1neo. \u21e8 \u00a1Con\u00f3cenos!\" \/>\n<meta property=\"og:url\" content=\"https:\/\/www.biomediterrania.org\/es\/quienes-somos\/\" \/>\n<meta property=\"og:site_name\" content=\"Biomediterr&agrave;nia\" \/>\n<meta property=\"article:modified_time\" content=\"2025-07-09T18:20:33+00:00\" \/>\n<meta property=\"og:image\" content=\"https:\/\/www.biomediterrania.org\/wp-content\/uploads\/2025\/01\/bassa-celra-3.jpg\" \/>\n\t<meta property=\"og:image:width\" content=\"400\" \/>\n\t<meta property=\"og:image:height\" content=\"400\" \/>\n\t<meta property=\"og:image:type\" content=\"image\/jpeg\" \/>\n<meta name=\"twitter:card\" content=\"summary_large_image\" \/>\n<meta name=\"twitter:label1\" content=\"Tiempo de lectura\" \/>\n\t<meta name=\"twitter:data1\" content=\"1 minuto\" \/>\n<script type=\"application\/ld+json\" class=\"yoast-schema-graph\">{\"@context\":\"https:\\\/\\\/schema.org\",\"@graph\":[{\"@type\":\"WebPage\",\"@id\":\"https:\\\/\\\/www.biomediterrania.org\\\/es\\\/quienes-somos\\\/\",\"url\":\"https:\\\/\\\/www.biomediterrania.org\\\/es\\\/quienes-somos\\\/\",\"name\":\"\u25b7 \u00bfQui\u00e9nes somos? | Sobre Biomediterr\u00e0nia \u30102025\u3011\",\"isPartOf\":{\"@id\":\"https:\\\/\\\/www.biomediterrania.org\\\/es\\\/#website\"},\"primaryImageOfPage\":{\"@id\":\"https:\\\/\\\/www.biomediterrania.org\\\/es\\\/quienes-somos\\\/#primaryimage\"},\"image\":{\"@id\":\"https:\\\/\\\/www.biomediterrania.org\\\/es\\\/quienes-somos\\\/#primaryimage\"},\"thumbnailUrl\":\"https:\\\/\\\/www.biomediterrania.org\\\/wp-content\\\/uploads\\\/2025\\\/01\\\/bassa-celra-3.jpg\",\"datePublished\":\"2024-08-14T12:50:18+00:00\",\"dateModified\":\"2025-07-09T18:20:33+00:00\",\"description\":\"En Biomediterr\u00e0nia trabajamos por la preservaci\u00f3n de la biodiversidad y el medio ambiente en la zona del Mediterr\u00e1neo. \u21e8 \u00a1Con\u00f3cenos!\",\"breadcrumb\":{\"@id\":\"https:\\\/\\\/www.biomediterrania.org\\\/es\\\/quienes-somos\\\/#breadcrumb\"},\"inLanguage\":\"es\",\"potentialAction\":[{\"@type\":\"ReadAction\",\"target\":[\"https:\\\/\\\/www.biomediterrania.org\\\/es\\\/quienes-somos\\\/\"]}]},{\"@type\":\"ImageObject\",\"inLanguage\":\"es\",\"@id\":\"https:\\\/\\\/www.biomediterrania.org\\\/es\\\/quienes-somos\\\/#primaryimage\",\"url\":\"https:\\\/\\\/www.biomediterrania.org\\\/wp-content\\\/uploads\\\/2025\\\/01\\\/bassa-celra-3.jpg\",\"contentUrl\":\"https:\\\/\\\/www.biomediterrania.org\\\/wp-content\\\/uploads\\\/2025\\\/01\\\/bassa-celra-3.jpg\"},{\"@type\":\"BreadcrumbList\",\"@id\":\"https:\\\/\\\/www.biomediterrania.org\\\/es\\\/quienes-somos\\\/#breadcrumb\",\"itemListElement\":[{\"@type\":\"ListItem\",\"position\":1,\"name\":\"Portada\",\"item\":\"https:\\\/\\\/www.biomediterrania.org\\\/es\\\/inici\\\/\"},{\"@type\":\"ListItem\",\"position\":2,\"name\":\"\u00bfQui\u00e9nes somos?\"}]},{\"@type\":\"WebSite\",\"@id\":\"https:\\\/\\\/www.biomediterrania.org\\\/es\\\/#website\",\"url\":\"https:\\\/\\\/www.biomediterrania.org\\\/es\\\/\",\"name\":\"Biomediterr\u00e0nia\",\"description\":\"Associaci&oacute; Biomediterr&agrave;nia\",\"publisher\":{\"@id\":\"https:\\\/\\\/www.biomediterrania.org\\\/es\\\/#organization\"},\"potentialAction\":[{\"@type\":\"SearchAction\",\"target\":{\"@type\":\"EntryPoint\",\"urlTemplate\":\"https:\\\/\\\/www.biomediterrania.org\\\/es\\\/?s={search_term_string}\"},\"query-input\":{\"@type\":\"PropertyValueSpecification\",\"valueRequired\":true,\"valueName\":\"search_term_string\"}}],\"inLanguage\":\"es\"},{\"@type\":\"Organization\",\"@id\":\"https:\\\/\\\/www.biomediterrania.org\\\/es\\\/#organization\",\"name\":\"Biomediterr\u00e0nia\",\"url\":\"https:\\\/\\\/www.biomediterrania.org\\\/es\\\/\",\"logo\":{\"@type\":\"ImageObject\",\"inLanguage\":\"es\",\"@id\":\"https:\\\/\\\/www.biomediterrania.org\\\/es\\\/#\\\/schema\\\/logo\\\/image\\\/\",\"url\":\"https:\\\/\\\/www.biomediterrania.org\\\/wp-content\\\/uploads\\\/2025\\\/01\\\/cropped-logo-biomediterrania.png\",\"contentUrl\":\"https:\\\/\\\/www.biomediterrania.org\\\/wp-content\\\/uploads\\\/2025\\\/01\\\/cropped-logo-biomediterrania.png\",\"width\":512,\"height\":512,\"caption\":\"Biomediterr\u00e0nia\"},\"image\":{\"@id\":\"https:\\\/\\\/www.biomediterrania.org\\\/es\\\/#\\\/schema\\\/logo\\\/image\\\/\"},\"sameAs\":[\"https:\\\/\\\/www.instagram.com\\\/biomediterrania\"]}]}<\/script>\n<!-- \/ Yoast SEO plugin. -->","yoast_head_json":{"title":"\u25b7 \u00bfQui\u00e9nes somos? | Sobre Biomediterr\u00e0nia \u30102025\u3011","description":"En Biomediterr\u00e0nia trabajamos por la preservaci\u00f3n de la biodiversidad y el medio ambiente en la zona del Mediterr\u00e1neo. \u21e8 \u00a1Con\u00f3cenos!","robots":{"index":"index","follow":"follow","max-snippet":"max-snippet:-1","max-image-preview":"max-image-preview:large","max-video-preview":"max-video-preview:-1"},"canonical":"https:\/\/www.biomediterrania.org\/es\/quienes-somos\/","og_locale":"es_ES","og_type":"article","og_title":"\u25b7 \u00bfQui\u00e9nes somos? | Sobre Biomediterr\u00e0nia \u30102025\u3011","og_description":"En Biomediterr\u00e0nia trabajamos por la preservaci\u00f3n de la biodiversidad y el medio ambiente en la zona del Mediterr\u00e1neo. \u21e8 \u00a1Con\u00f3cenos!","og_url":"https:\/\/www.biomediterrania.org\/es\/quienes-somos\/","og_site_name":"Biomediterr&agrave;nia","article_modified_time":"2025-07-09T18:20:33+00:00","og_image":[{"width":400,"height":400,"url":"https:\/\/www.biomediterrania.org\/wp-content\/uploads\/2025\/01\/bassa-celra-3.jpg","type":"image\/jpeg"}],"twitter_card":"summary_large_image","twitter_misc":{"Tiempo de lectura":"1 minuto"},"schema":{"@context":"https:\/\/schema.org","@graph":[{"@type":"WebPage","@id":"https:\/\/www.biomediterrania.org\/es\/quienes-somos\/","url":"https:\/\/www.biomediterrania.org\/es\/quienes-somos\/","name":"\u25b7 \u00bfQui\u00e9nes somos? | Sobre Biomediterr\u00e0nia \u30102025\u3011","isPartOf":{"@id":"https:\/\/www.biomediterrania.org\/es\/#website"},"primaryImageOfPage":{"@id":"https:\/\/www.biomediterrania.org\/es\/quienes-somos\/#primaryimage"},"image":{"@id":"https:\/\/www.biomediterrania.org\/es\/quienes-somos\/#primaryimage"},"thumbnailUrl":"https:\/\/www.biomediterrania.org\/wp-content\/uploads\/2025\/01\/bassa-celra-3.jpg","datePublished":"2024-08-14T12:50:18+00:00","dateModified":"2025-07-09T18:20:33+00:00","description":"En Biomediterr\u00e0nia trabajamos por la preservaci\u00f3n de la biodiversidad y el medio ambiente en la zona del Mediterr\u00e1neo. \u21e8 \u00a1Con\u00f3cenos!","breadcrumb":{"@id":"https:\/\/www.biomediterrania.org\/es\/quienes-somos\/#breadcrumb"},"inLanguage":"es","potentialAction":[{"@type":"ReadAction","target":["https:\/\/www.biomediterrania.org\/es\/quienes-somos\/"]}]},{"@type":"ImageObject","inLanguage":"es","@id":"https:\/\/www.biomediterrania.org\/es\/quienes-somos\/#primaryimage","url":"https:\/\/www.biomediterrania.org\/wp-content\/uploads\/2025\/01\/bassa-celra-3.jpg","contentUrl":"https:\/\/www.biomediterrania.org\/wp-content\/uploads\/2025\/01\/bassa-celra-3.jpg"},{"@type":"BreadcrumbList","@id":"https:\/\/www.biomediterrania.org\/es\/quienes-somos\/#breadcrumb","itemListElement":[{"@type":"ListItem","position":1,"name":"Portada","item":"https:\/\/www.biomediterrania.org\/es\/inici\/"},{"@type":"ListItem","position":2,"name":"\u00bfQui\u00e9nes somos?"}]},{"@type":"WebSite","@id":"https:\/\/www.biomediterrania.org\/es\/#website","url":"https:\/\/www.biomediterrania.org\/es\/","name":"Biomediterr\u00e0nia","description":"Associaci&oacute; Biomediterr&agrave;nia","publisher":{"@id":"https:\/\/www.biomediterrania.org\/es\/#organization"},"potentialAction":[{"@type":"SearchAction","target":{"@type":"EntryPoint","urlTemplate":"https:\/\/www.biomediterrania.org\/es\/?s={search_term_string}"},"query-input":{"@type":"PropertyValueSpecification","valueRequired":true,"valueName":"search_term_string"}}],"inLanguage":"es"},{"@type":"Organization","@id":"https:\/\/www.biomediterrania.org\/es\/#organization","name":"Biomediterr\u00e0nia","url":"https:\/\/www.biomediterrania.org\/es\/","logo":{"@type":"ImageObject","inLanguage":"es","@id":"https:\/\/www.biomediterrania.org\/es\/#\/schema\/logo\/image\/","url":"https:\/\/www.biomediterrania.org\/wp-content\/uploads\/2025\/01\/cropped-logo-biomediterrania.png","contentUrl":"https:\/\/www.biomediterrania.org\/wp-content\/uploads\/2025\/01\/cropped-logo-biomediterrania.png","width":512,"height":512,"caption":"Biomediterr\u00e0nia"},"image":{"@id":"https:\/\/www.biomediterrania.org\/es\/#\/schema\/logo\/image\/"},"sameAs":["https:\/\/www.instagram.com\/biomediterrania"]}]}},"_links":{"self":[{"href":"https:\/\/www.biomediterrania.org\/es\/wp-json\/wp\/v2\/pages\/1293","targetHints":{"allow":["GET"]}}],"collection":[{"href":"https:\/\/www.biomediterrania.org\/es\/wp-json\/wp\/v2\/pages"}],"about":[{"href":"https:\/\/www.biomediterrania.org\/es\/wp-json\/wp\/v2\/types\/page"}],"author":[{"embeddable":true,"href":"https:\/\/www.biomediterrania.org\/es\/wp-json\/wp\/v2\/users\/1"}],"replies":[{"embeddable":true,"href":"https:\/\/www.biomediterrania.org\/es\/wp-json\/wp\/v2\/comments?post=1293"}],"version-history":[{"count":0,"href":"https:\/\/www.biomediterrania.org\/es\/wp-json\/wp\/v2\/pages\/1293\/revisions"}],"wp:attachment":[{"href":"https:\/\/www.biomediterrania.org\/es\/wp-json\/wp\/v2\/media?parent=1293"}],"curies":[{"name":"wp","href":"https:\/\/api.w.org\/{rel}","templated":true}]}}