{"id":1387,"date":"2024-08-14T14:49:21","date_gmt":"2024-08-14T12:49:21","guid":{"rendered":"https:\/\/www.biomediterrania.org\/aviso-legal\/"},"modified":"2025-10-14T17:33:03","modified_gmt":"2025-10-14T15:33:03","slug":"aviso-legal","status":"publish","type":"page","link":"https:\/\/www.biomediterrania.org\/es\/aviso-legal\/","title":{"rendered":"Aviso Legal"},"content":{"rendered":"\t\t<div data-elementor-type=\"wp-page\" data-elementor-id=\"1387\" class=\"elementor elementor-1387 elementor-14\" data-elementor-post-type=\"page\">\n\t\t\t\t\t\t<section class=\"elementor-section elementor-top-section elementor-element elementor-element-79129ac elementor-section-boxed elementor-section-height-default elementor-section-height-default\" data-id=\"79129ac\" data-element_type=\"section\" data-e-type=\"section\">\n\t\t\t\t\t\t<div class=\"elementor-container elementor-column-gap-default\">\n\t\t\t\t\t<div class=\"elementor-column elementor-col-100 elementor-top-column elementor-element elementor-element-efdd678\" data-id=\"efdd678\" data-element_type=\"column\" data-e-type=\"column\">\n\t\t\t<div class=\"elementor-widget-wrap elementor-element-populated\">\n\t\t\t\t\t\t<div class=\"elementor-element elementor-element-256eba8 elementor-widget elementor-widget-heading\" data-id=\"256eba8\" data-element_type=\"widget\" data-e-type=\"widget\" data-widget_type=\"heading.default\">\n\t\t\t\t<div class=\"elementor-widget-container\">\n\t\t\t\t\t<h1 class=\"elementor-heading-title elementor-size-default\">Aviso Legal<\/h1>\t\t\t\t<\/div>\n\t\t\t\t<\/div>\n\t\t\t\t<div class=\"elementor-element elementor-element-7c2e2f8 elementor-widget elementor-widget-text-editor\" data-id=\"7c2e2f8\" data-element_type=\"widget\" data-e-type=\"widget\" data-widget_type=\"text-editor.default\">\n\t\t\t\t<div class=\"elementor-widget-container\">\n\t\t\t\t\t\t\t\t\t<h3>1. INFORMACI\u00d3N CORPORATIVA<\/h3><p>En cumplimiento de la Ley 34\/2002, de 11 de julio, de servicios de la sociedad de la informaci\u00f3n y de comercio electr\u00f3nico, <strong>BIOMEDITERR\u00c0NIA<\/strong> le informa que es titular del sitio web: <strong>WWW.BIOMEDITERRANIA.ORG<\/strong>, de acuerdo con la exigencia del art\u00edculo 10 de la mencionada Ley, <strong>BIOMEDITERR\u00c0NIA<\/strong>, notifica los siguientes datos: el titular de este sitio web es <strong>BIOMEDITERR\u00c0NIA<\/strong> con CIF: G75934760. La direcci\u00f3n de correo electr\u00f3nico de contacto con la empresa es: <strong>info@biomediterrania.org<\/strong> <\/p><h3>2. USUARIO Y R\u00c9GIMEN DE RESPONSABILIDADES<\/h3><p>La navegaci\u00f3n por acceso o uso de la p\u00e1gina web <strong>WWW.BIOMEDITERRANIA.ORG<\/strong> y todos los subdominios y directorios incluidos bajo la misma, as\u00ed como los servicios o contenidos que a trav\u00e9s de ellos se puedan obtener y todos los portales de dominio propio bajo titularidad de <strong>BIOMEDITERR\u00c0NIA<\/strong>, otorga la Condici\u00f3n de <strong>Usuario<\/strong>, por la que se aceptan todas las condiciones de uso al navegar por la p\u00e1gina <strong>BIOMEDITERR\u00c0NIA<\/strong> que aqu\u00ed se establecen sin perjudicar la aplicaci\u00f3n de la normativa correspondiente de cumplimiento legal seg\u00fan el caso.<\/p><p>Por eso, si las consideraciones detalladas en este aviso legal no son de su conformidad, rogamos no haga uso del portal, ya que cualquier uso que haga del mismo o los servicios y contenidos en \u00e9l incluidos implicar\u00e1 la aceptaci\u00f3n de los t\u00e9rminos legales recogidos en este texto.<\/p><p>La p\u00e1gina web de <strong>BIOMEDITERR\u00c0NIA<\/strong> proporciona una gran diversidad de informaci\u00f3n, servicios y datos. El usuario asume la responsabilidad en el correcto uso de los sitios web. Esta responsabilidad se extender\u00e1 a: La veracidad y licitud de las informaciones aportadas por el usuario a los formularios emitidos por <strong>BIOMEDITERR\u00c0NIA<\/strong> para acceder a determinados contenidos o servicios ofrecidos por la web.  <\/p><p>El uso de la informaci\u00f3n, servicios y datos ofrecidos por <strong>BIOMEDITERR\u00c0NIA<\/strong> contra las disposiciones de estas condiciones, la Ley, la moral, las buenas costumbres o el orden p\u00fablico o que, de otro modo, puedan suponer lesi\u00f3n de los derechos de terceros o del funcionamiento de los sitios web. A tal efecto, el Usuario se abstendr\u00e1 de utilizar cualquiera de los contenidos con fines o efectos il\u00edcitos, prohibidos en este texto, lesivos de los derechos e intereses de terceros, o que de cualquier modo puedan da\u00f1ar, inutilizar, sobrecargar, deteriorar o impedir su normal utilizaci\u00f3n de los contenidos, otros Usuarios o de cualquier usuario de Internet (hardware). <\/p><p>Los usuarios responder\u00e1n de los da\u00f1os y perjuicios de toda naturaleza que la empresa propietaria de la web pueda sufrir, directa o indirectamente, como consecuencia de incumplimiento de cualquiera de las obligaciones derivadas del uso de la web y de esa pol\u00edtica de privacidad.<\/p><p>En particular, y a t\u00edtulo meramente indicativo y no exhaustivo, el Usuario se compromete a no transmitir, difundir o poner a disposici\u00f3n de terceros informaciones, datos, contenidos, mensajes, gr\u00e1ficos, dibujos, archivos de sonido y\/o imagen, fotograf\u00edas de la web.<\/p>\t\t\t\t\t\t\t\t<\/div>\n\t\t\t\t<\/div>\n\t\t\t\t\t<\/div>\n\t\t<\/div>\n\t\t\t\t\t<\/div>\n\t\t<\/section>\n\t\t\t\t<\/div>\n\t\t","protected":false},"excerpt":{"rendered":"<p>Aviso Legal 1. INFORMACI\u00d3N CORPORATIVA En cumplimiento de la Ley 34\/2002, de 11 de julio, de servicios de la sociedad de la informaci\u00f3n y de comercio electr\u00f3nico, BIOMEDITERR\u00c0NIA le informa que es titular del sitio web: WWW.BIOMEDITERRANIA.ORG, de acuerdo con la exigencia del art\u00edculo 10 de la mencionada Ley, BIOMEDITERR\u00c0NIA, notifica los siguientes datos: el [&hellip;]<\/p>\n","protected":false},"author":1,"featured_media":0,"parent":0,"menu_order":0,"comment_status":"closed","ping_status":"closed","template":"elementor_header_footer","meta":{"footnotes":""},"class_list":["post-1387","page","type-page","status-publish","hentry"],"yoast_head":"<!-- This site is optimized with the Yoast SEO plugin v27.4 - https:\/\/yoast.com\/product\/yoast-seo-wordpress\/ -->\n<title>\u25b7 Aviso Legal \u30102025\u3011<\/title>\n<meta name=\"robots\" content=\"noindex, follow\" \/>\n<meta property=\"og:locale\" content=\"es_ES\" \/>\n<meta property=\"og:type\" content=\"article\" \/>\n<meta property=\"og:title\" content=\"\u25b7 Aviso Legal \u30102025\u3011\" \/>\n<meta property=\"og:description\" content=\"Aviso Legal 1. INFORMACI\u00d3N CORPORATIVA En cumplimiento de la Ley 34\/2002, de 11 de julio, de servicios de la sociedad de la informaci\u00f3n y de comercio electr\u00f3nico, BIOMEDITERR\u00c0NIA le informa que es titular del sitio web: WWW.BIOMEDITERRANIA.ORG, de acuerdo con la exigencia del art\u00edculo 10 de la mencionada Ley, BIOMEDITERR\u00c0NIA, notifica los siguientes datos: el [&hellip;]\" \/>\n<meta property=\"og:url\" content=\"https:\/\/www.biomediterrania.org\/es\/aviso-legal\/\" \/>\n<meta property=\"og:site_name\" content=\"Biomediterr&agrave;nia\" \/>\n<meta property=\"article:modified_time\" content=\"2025-10-14T15:33:03+00:00\" \/>\n<meta name=\"twitter:card\" content=\"summary_large_image\" \/>\n<meta name=\"twitter:label1\" content=\"Tiempo de lectura\" \/>\n\t<meta name=\"twitter:data1\" content=\"3 minutos\" \/>\n<script type=\"application\/ld+json\" class=\"yoast-schema-graph\">{\"@context\":\"https:\\\/\\\/schema.org\",\"@graph\":[{\"@type\":\"WebPage\",\"@id\":\"https:\\\/\\\/www.biomediterrania.org\\\/es\\\/aviso-legal\\\/\",\"url\":\"https:\\\/\\\/www.biomediterrania.org\\\/es\\\/aviso-legal\\\/\",\"name\":\"\u25b7 Aviso Legal \u30102025\u3011\",\"isPartOf\":{\"@id\":\"https:\\\/\\\/www.biomediterrania.org\\\/es\\\/#website\"},\"datePublished\":\"2024-08-14T12:49:21+00:00\",\"dateModified\":\"2025-10-14T15:33:03+00:00\",\"breadcrumb\":{\"@id\":\"https:\\\/\\\/www.biomediterrania.org\\\/es\\\/aviso-legal\\\/#breadcrumb\"},\"inLanguage\":\"es\",\"potentialAction\":[{\"@type\":\"ReadAction\",\"target\":[\"https:\\\/\\\/www.biomediterrania.org\\\/es\\\/aviso-legal\\\/\"]}]},{\"@type\":\"BreadcrumbList\",\"@id\":\"https:\\\/\\\/www.biomediterrania.org\\\/es\\\/aviso-legal\\\/#breadcrumb\",\"itemListElement\":[{\"@type\":\"ListItem\",\"position\":1,\"name\":\"Portada\",\"item\":\"https:\\\/\\\/www.biomediterrania.org\\\/es\\\/inici\\\/\"},{\"@type\":\"ListItem\",\"position\":2,\"name\":\"Aviso Legal\"}]},{\"@type\":\"WebSite\",\"@id\":\"https:\\\/\\\/www.biomediterrania.org\\\/es\\\/#website\",\"url\":\"https:\\\/\\\/www.biomediterrania.org\\\/es\\\/\",\"name\":\"Biomediterr\u00e0nia\",\"description\":\"Associaci&oacute; Biomediterr&agrave;nia\",\"publisher\":{\"@id\":\"https:\\\/\\\/www.biomediterrania.org\\\/es\\\/#organization\"},\"potentialAction\":[{\"@type\":\"SearchAction\",\"target\":{\"@type\":\"EntryPoint\",\"urlTemplate\":\"https:\\\/\\\/www.biomediterrania.org\\\/es\\\/?s={search_term_string}\"},\"query-input\":{\"@type\":\"PropertyValueSpecification\",\"valueRequired\":true,\"valueName\":\"search_term_string\"}}],\"inLanguage\":\"es\"},{\"@type\":\"Organization\",\"@id\":\"https:\\\/\\\/www.biomediterrania.org\\\/es\\\/#organization\",\"name\":\"Biomediterr\u00e0nia\",\"url\":\"https:\\\/\\\/www.biomediterrania.org\\\/es\\\/\",\"logo\":{\"@type\":\"ImageObject\",\"inLanguage\":\"es\",\"@id\":\"https:\\\/\\\/www.biomediterrania.org\\\/es\\\/#\\\/schema\\\/logo\\\/image\\\/\",\"url\":\"https:\\\/\\\/www.biomediterrania.org\\\/wp-content\\\/uploads\\\/2025\\\/01\\\/cropped-logo-biomediterrania.png\",\"contentUrl\":\"https:\\\/\\\/www.biomediterrania.org\\\/wp-content\\\/uploads\\\/2025\\\/01\\\/cropped-logo-biomediterrania.png\",\"width\":512,\"height\":512,\"caption\":\"Biomediterr\u00e0nia\"},\"image\":{\"@id\":\"https:\\\/\\\/www.biomediterrania.org\\\/es\\\/#\\\/schema\\\/logo\\\/image\\\/\"},\"sameAs\":[\"https:\\\/\\\/www.instagram.com\\\/biomediterrania\"]}]}<\/script>\n<!-- \/ Yoast SEO plugin. -->","yoast_head_json":{"title":"\u25b7 Aviso Legal \u30102025\u3011","robots":{"index":"noindex","follow":"follow"},"og_locale":"es_ES","og_type":"article","og_title":"\u25b7 Aviso Legal \u30102025\u3011","og_description":"Aviso Legal 1. INFORMACI\u00d3N CORPORATIVA En cumplimiento de la Ley 34\/2002, de 11 de julio, de servicios de la sociedad de la informaci\u00f3n y de comercio electr\u00f3nico, BIOMEDITERR\u00c0NIA le informa que es titular del sitio web: WWW.BIOMEDITERRANIA.ORG, de acuerdo con la exigencia del art\u00edculo 10 de la mencionada Ley, BIOMEDITERR\u00c0NIA, notifica los siguientes datos: el [&hellip;]","og_url":"https:\/\/www.biomediterrania.org\/es\/aviso-legal\/","og_site_name":"Biomediterr&agrave;nia","article_modified_time":"2025-10-14T15:33:03+00:00","twitter_card":"summary_large_image","twitter_misc":{"Tiempo de lectura":"3 minutos"},"schema":{"@context":"https:\/\/schema.org","@graph":[{"@type":"WebPage","@id":"https:\/\/www.biomediterrania.org\/es\/aviso-legal\/","url":"https:\/\/www.biomediterrania.org\/es\/aviso-legal\/","name":"\u25b7 Aviso Legal \u30102025\u3011","isPartOf":{"@id":"https:\/\/www.biomediterrania.org\/es\/#website"},"datePublished":"2024-08-14T12:49:21+00:00","dateModified":"2025-10-14T15:33:03+00:00","breadcrumb":{"@id":"https:\/\/www.biomediterrania.org\/es\/aviso-legal\/#breadcrumb"},"inLanguage":"es","potentialAction":[{"@type":"ReadAction","target":["https:\/\/www.biomediterrania.org\/es\/aviso-legal\/"]}]},{"@type":"BreadcrumbList","@id":"https:\/\/www.biomediterrania.org\/es\/aviso-legal\/#breadcrumb","itemListElement":[{"@type":"ListItem","position":1,"name":"Portada","item":"https:\/\/www.biomediterrania.org\/es\/inici\/"},{"@type":"ListItem","position":2,"name":"Aviso Legal"}]},{"@type":"WebSite","@id":"https:\/\/www.biomediterrania.org\/es\/#website","url":"https:\/\/www.biomediterrania.org\/es\/","name":"Biomediterr\u00e0nia","description":"Associaci&oacute; Biomediterr&agrave;nia","publisher":{"@id":"https:\/\/www.biomediterrania.org\/es\/#organization"},"potentialAction":[{"@type":"SearchAction","target":{"@type":"EntryPoint","urlTemplate":"https:\/\/www.biomediterrania.org\/es\/?s={search_term_string}"},"query-input":{"@type":"PropertyValueSpecification","valueRequired":true,"valueName":"search_term_string"}}],"inLanguage":"es"},{"@type":"Organization","@id":"https:\/\/www.biomediterrania.org\/es\/#organization","name":"Biomediterr\u00e0nia","url":"https:\/\/www.biomediterrania.org\/es\/","logo":{"@type":"ImageObject","inLanguage":"es","@id":"https:\/\/www.biomediterrania.org\/es\/#\/schema\/logo\/image\/","url":"https:\/\/www.biomediterrania.org\/wp-content\/uploads\/2025\/01\/cropped-logo-biomediterrania.png","contentUrl":"https:\/\/www.biomediterrania.org\/wp-content\/uploads\/2025\/01\/cropped-logo-biomediterrania.png","width":512,"height":512,"caption":"Biomediterr\u00e0nia"},"image":{"@id":"https:\/\/www.biomediterrania.org\/es\/#\/schema\/logo\/image\/"},"sameAs":["https:\/\/www.instagram.com\/biomediterrania"]}]}},"_links":{"self":[{"href":"https:\/\/www.biomediterrania.org\/es\/wp-json\/wp\/v2\/pages\/1387","targetHints":{"allow":["GET"]}}],"collection":[{"href":"https:\/\/www.biomediterrania.org\/es\/wp-json\/wp\/v2\/pages"}],"about":[{"href":"https:\/\/www.biomediterrania.org\/es\/wp-json\/wp\/v2\/types\/page"}],"author":[{"embeddable":true,"href":"https:\/\/www.biomediterrania.org\/es\/wp-json\/wp\/v2\/users\/1"}],"replies":[{"embeddable":true,"href":"https:\/\/www.biomediterrania.org\/es\/wp-json\/wp\/v2\/comments?post=1387"}],"version-history":[{"count":0,"href":"https:\/\/www.biomediterrania.org\/es\/wp-json\/wp\/v2\/pages\/1387\/revisions"}],"wp:attachment":[{"href":"https:\/\/www.biomediterrania.org\/es\/wp-json\/wp\/v2\/media?parent=1387"}],"curies":[{"name":"wp","href":"https:\/\/api.w.org\/{rel}","templated":true}]}}